{"id":15103,"date":"2026-02-03T14:22:24","date_gmt":"2026-02-03T18:22:24","guid":{"rendered":"https:\/\/municipalidadchonchi.cl\/web\/?page_id=15103"},"modified":"2026-02-03T14:26:07","modified_gmt":"2026-02-03T18:26:07","slug":"traslado-pcv","status":"publish","type":"page","link":"https:\/\/municipalidadchonchi.cl\/web\/traslado-pcv\/","title":{"rendered":"TRASLADO DE PERMISO DE CIRCULACI\u00d3N VEHICULAR"},"content":{"rendered":"\n<div class=\"wpcf7 no-js\" id=\"wpcf7-f15105-o1\" lang=\"es-ES\" dir=\"ltr\" data-wpcf7-id=\"15105\">\n<div class=\"screen-reader-response\"><p role=\"status\" aria-live=\"polite\" aria-atomic=\"true\"><\/p> <ul><\/ul><\/div>\n<form action=\"\/web\/wp-json\/wp\/v2\/pages\/15103#wpcf7-f15105-o1\" method=\"post\" class=\"wpcf7-form init\" aria-label=\"Formulario de contacto\" enctype=\"multipart\/form-data\" novalidate=\"novalidate\" data-status=\"init\">\n<fieldset class=\"hidden-fields-container\"><input type=\"hidden\" name=\"_wpcf7\" value=\"15105\" \/><input type=\"hidden\" name=\"_wpcf7_version\" value=\"6.1.5\" \/><input type=\"hidden\" name=\"_wpcf7_locale\" value=\"es_ES\" \/><input type=\"hidden\" name=\"_wpcf7_unit_tag\" value=\"wpcf7-f15105-o1\" \/><input type=\"hidden\" name=\"_wpcf7_container_post\" value=\"0\" \/><input type=\"hidden\" name=\"_wpcf7_posted_data_hash\" value=\"\" \/>\n<\/fieldset>\n<div style=\"width:50%;margin:0 auto;\">\n\t<p><label> RUT propietario<br \/>\n<span class=\"wpcf7-form-control-wrap\" data-name=\"rut-propietario\"><input size=\"40\" maxlength=\"15\" minlength=\"8\" class=\"wpcf7-form-control wpcf7-text wpcf7-validates-as-required\" aria-required=\"true\" aria-invalid=\"false\" placeholder=\"Ej: 8.876.543-2\" value=\"\" type=\"text\" name=\"rut-propietario\" \/><\/span><br \/>\n<span style=\"font-size:12px;\">(Considerar Rut de quien figura en la documentaci\u00f3n como propietario)<\/span><br \/>\n<\/label><br \/>\n<label> Placa patente<br \/>\n<span class=\"wpcf7-form-control-wrap\" data-name=\"placa-patente\"><input size=\"40\" maxlength=\"400\" class=\"wpcf7-form-control wpcf7-text wpcf7-validates-as-required\" aria-required=\"true\" aria-invalid=\"false\" placeholder=\"Ej: KTLR-39\" value=\"\" type=\"text\" name=\"placa-patente\" \/><\/span> <\/label><br \/>\n<label> Nombre del propietario<br \/>\n<span class=\"wpcf7-form-control-wrap\" data-name=\"nombre-propietario\"><input size=\"40\" maxlength=\"400\" class=\"wpcf7-form-control wpcf7-text wpcf7-validates-as-required\" aria-required=\"true\" aria-invalid=\"false\" placeholder=\"Ingrese su nombre\" value=\"\" type=\"text\" name=\"nombre-propietario\" \/><\/span> <\/label><br \/>\n<span style=\"font-size:12px;\">(Considerar Nombre de quien figura en la documentaci\u00f3n como propietario)<\/span><br \/>\n<label> Correo electr\u00f3nico<br \/>\n<span class=\"wpcf7-form-control-wrap\" data-name=\"correo-propietario\"><input size=\"40\" maxlength=\"400\" class=\"wpcf7-form-control wpcf7-email wpcf7-validates-as-required wpcf7-text wpcf7-validates-as-email\" aria-required=\"true\" aria-invalid=\"false\" placeholder=\"Ingrese su correo electr\u00f3nico\" value=\"\" type=\"email\" name=\"correo-propietario\" \/><\/span> <\/label><br \/>\n<label> Tel\u00e9fono de contacto<br \/>\n<span class=\"wpcf7-form-control-wrap\" data-name=\"telefono-propietario\"><input size=\"40\" maxlength=\"400\" class=\"wpcf7-form-control wpcf7-tel wpcf7-validates-as-required wpcf7-text wpcf7-validates-as-tel\" aria-required=\"true\" aria-invalid=\"false\" placeholder=\"Ingrese su n\u00famero de tel\u00e9fono\" value=\"\" type=\"tel\" name=\"telefono-propietario\" \/><\/span> <\/label><br \/>\n<label> Comuna anterior<br \/>\n<span class=\"wpcf7-form-control-wrap\" data-name=\"comuna-anterior\"><input size=\"40\" maxlength=\"400\" class=\"wpcf7-form-control wpcf7-text wpcf7-validates-as-required\" aria-required=\"true\" aria-invalid=\"false\" placeholder=\"Ingrese su comuna anterior\" value=\"\" type=\"text\" name=\"comuna-anterior\" \/><\/span> <\/label>\n\t<\/p>\n\t<p><label> Permiso de Circulaci\u00f3n Anterior<br \/>\n<span class=\"wpcf7-form-control-wrap\" data-name=\"archivo-1\"><input size=\"40\" class=\"wpcf7-form-control wpcf7-file wpcf7-validates-as-required\" accept=\"audio\/*,video\/*,image\/*\" aria-required=\"true\" aria-invalid=\"false\" type=\"file\" name=\"archivo-1\" \/><\/span> <\/label>\n\t<\/p>\n\t<p><label> Padr\u00f3n (Certificado de Inscripci\u00f3n)<br \/>\n<span class=\"wpcf7-form-control-wrap\" data-name=\"archivo-2\"><input size=\"40\" class=\"wpcf7-form-control wpcf7-file wpcf7-validates-as-required\" accept=\"audio\/*,video\/*,image\/*\" aria-required=\"true\" aria-invalid=\"false\" type=\"file\" name=\"archivo-2\" \/><\/span> <\/label>\n\t<\/p>\n\t<p><label> Certificado de Homologaci\u00f3n individual electr\u00f3nico (autos nuevos) o Revisi\u00f3n T\u00e9cnica al d\u00eda<br \/>\n<span class=\"wpcf7-form-control-wrap\" data-name=\"archivo-3\"><input size=\"40\" class=\"wpcf7-form-control wpcf7-file wpcf7-validates-as-required\" accept=\"audio\/*,video\/*,image\/*\" aria-required=\"true\" aria-invalid=\"false\" type=\"file\" name=\"archivo-3\" \/><\/span> <\/label>\n\t<\/p>\n\t<p><label> Seguro Obligatorio de Accidentes Personales (SOAP) 2026<br \/>\n<span class=\"wpcf7-form-control-wrap\" data-name=\"archivo-4\"><input size=\"40\" class=\"wpcf7-form-control wpcf7-file wpcf7-validates-as-required\" accept=\"audio\/*,video\/*,image\/*\" aria-required=\"true\" aria-invalid=\"false\" type=\"file\" name=\"archivo-4\" \/><\/span> <\/label>\n\t<\/p>\n\t<p>*Una vez recibido los antecedentes y aprobados los documentos, dentro de 7 d\u00edas h\u00e1biles recibir\u00e1 un correo confirmando que el traslado de su veh\u00edculo est\u00e1 realizado y podr\u00e1 pagar v\u00eda online en nuestra p\u00e1gina\n\t<\/p>\n\t<p><input class=\"wpcf7-form-control wpcf7-submit has-spinner\" type=\"submit\" value=\"Enviar\" \/>\n\t<\/p>\n<\/div><p style=\"display: none !important;\" class=\"akismet-fields-container\" data-prefix=\"_wpcf7_ak_\"><label>&#916;<textarea name=\"_wpcf7_ak_hp_textarea\" cols=\"45\" rows=\"8\" maxlength=\"100\"><\/textarea><\/label><input type=\"hidden\" id=\"ak_js_1\" name=\"_wpcf7_ak_js\" value=\"17\"\/><script>document.getElementById( \"ak_js_1\" ).setAttribute( \"value\", ( new Date() ).getTime() );<\/script><\/p><div class=\"wpcf7-response-output\" aria-hidden=\"true\"><\/div>\n<\/form>\n<\/div>\n\n","protected":false},"excerpt":{"rendered":"","protected":false},"author":5,"featured_media":0,"parent":0,"menu_order":0,"comment_status":"closed","ping_status":"closed","template":"","meta":{"_acf_changed":false,"om_disable_all_campaigns":false,"_monsterinsights_skip_tracking":false,"_monsterinsights_sitenote_active":false,"_monsterinsights_sitenote_note":"","_monsterinsights_sitenote_category":0,"footnotes":""},"class_list":["post-15103","page","type-page","status-publish","hentry"],"acf":[],"aioseo_notices":[],"jetpack_sharing_enabled":true,"_links":{"self":[{"href":"https:\/\/municipalidadchonchi.cl\/web\/wp-json\/wp\/v2\/pages\/15103","targetHints":{"allow":["GET"]}}],"collection":[{"href":"https:\/\/municipalidadchonchi.cl\/web\/wp-json\/wp\/v2\/pages"}],"about":[{"href":"https:\/\/municipalidadchonchi.cl\/web\/wp-json\/wp\/v2\/types\/page"}],"author":[{"embeddable":true,"href":"https:\/\/municipalidadchonchi.cl\/web\/wp-json\/wp\/v2\/users\/5"}],"replies":[{"embeddable":true,"href":"https:\/\/municipalidadchonchi.cl\/web\/wp-json\/wp\/v2\/comments?post=15103"}],"version-history":[{"count":2,"href":"https:\/\/municipalidadchonchi.cl\/web\/wp-json\/wp\/v2\/pages\/15103\/revisions"}],"predecessor-version":[{"id":15106,"href":"https:\/\/municipalidadchonchi.cl\/web\/wp-json\/wp\/v2\/pages\/15103\/revisions\/15106"}],"wp:attachment":[{"href":"https:\/\/municipalidadchonchi.cl\/web\/wp-json\/wp\/v2\/media?parent=15103"}],"curies":[{"name":"wp","href":"https:\/\/api.w.org\/{rel}","templated":true}]}}