{"id":5750,"date":"2022-02-14T20:47:09","date_gmt":"2022-02-14T20:47:09","guid":{"rendered":"https:\/\/municipalidadchonchi.cl\/web\/?page_id=5750"},"modified":"2024-01-21T21:04:47","modified_gmt":"2024-01-22T01:04:47","slug":"alcalde","status":"publish","type":"page","link":"https:\/\/municipalidadchonchi.cl\/web\/alcalde\/","title":{"rendered":"Alcalde"},"content":{"rendered":"\t\t<div data-elementor-type=\"wp-page\" data-elementor-id=\"5750\" class=\"elementor elementor-5750\" data-elementor-post-type=\"page\">\n\t\t\t\t\t\t<section class=\"elementor-section elementor-top-section elementor-element elementor-element-9b70712 elementor-section-boxed elementor-section-height-default elementor-section-height-default wpr-particle-no wpr-jarallax-no wpr-parallax-no wpr-sticky-section-no\" data-id=\"9b70712\" data-element_type=\"section\" data-e-type=\"section\">\n\t\t\t\t\t\t<div class=\"elementor-container elementor-column-gap-default\">\n\t\t\t\t\t<div class=\"elementor-column elementor-col-100 elementor-top-column elementor-element elementor-element-183c5c1\" data-id=\"183c5c1\" data-element_type=\"column\" data-e-type=\"column\">\n\t\t\t<div class=\"elementor-widget-wrap elementor-element-populated\">\n\t\t\t\t\t\t<div class=\"elementor-element elementor-element-f3aa93b elementor-widget elementor-widget-ova_heading\" data-id=\"f3aa93b\" data-element_type=\"widget\" data-e-type=\"widget\" data-widget_type=\"ova_heading.default\">\n\t\t\t\t<div class=\"elementor-widget-container\">\n\t\t\t\t\t\t\t<div class=\"ova-heading\">\n\t\t\t\n\t\t\t\t\t\t\t<h3 class=\"title second_font\">Alcalde<\/h3>\n\t\t\t\n\t\t\t\n\t\t<\/div>\n\t\t\t\t\t\t<\/div>\n\t\t\t\t<\/div>\n\t\t\t\t\t<\/div>\n\t\t<\/div>\n\t\t\t\t\t<\/div>\n\t\t<\/section>\n\t\t\t\t<section class=\"elementor-section elementor-top-section elementor-element elementor-element-3d5f7b5 elementor-section-boxed elementor-section-height-default elementor-section-height-default wpr-particle-no wpr-jarallax-no wpr-parallax-no wpr-sticky-section-no\" data-id=\"3d5f7b5\" data-element_type=\"section\" data-e-type=\"section\">\n\t\t\t\t\t\t<div class=\"elementor-container elementor-column-gap-default\">\n\t\t\t\t\t<div class=\"elementor-column elementor-col-100 elementor-top-column elementor-element elementor-element-f15c62e\" data-id=\"f15c62e\" data-element_type=\"column\" data-e-type=\"column\">\n\t\t\t<div class=\"elementor-widget-wrap elementor-element-populated\">\n\t\t\t\t\t\t<div class=\"elementor-element elementor-element-bb342a6 elementor-widget elementor-widget-image\" data-id=\"bb342a6\" data-element_type=\"widget\" data-e-type=\"widget\" data-widget_type=\"image.default\">\n\t\t\t\t<div class=\"elementor-widget-container\">\n\t\t\t\t\t\t\t\t\t\t\t\t\t\t\t<img fetchpriority=\"high\" decoding=\"async\" width=\"1024\" height=\"577\" src=\"https:\/\/municipalidadchonchi.cl\/web\/wp-content\/uploads\/2022\/08\/WhatsApp-Image-2022-08-26-at-8.26.06-AM-1024x577.jpeg\" class=\"attachment-large size-large wp-image-7257\" alt=\"\" srcset=\"https:\/\/municipalidadchonchi.cl\/web\/wp-content\/uploads\/2022\/08\/WhatsApp-Image-2022-08-26-at-8.26.06-AM-1024x577.jpeg 1024w, https:\/\/municipalidadchonchi.cl\/web\/wp-content\/uploads\/2022\/08\/WhatsApp-Image-2022-08-26-at-8.26.06-AM-300x169.jpeg 300w, https:\/\/municipalidadchonchi.cl\/web\/wp-content\/uploads\/2022\/08\/WhatsApp-Image-2022-08-26-at-8.26.06-AM-768x433.jpeg 768w, https:\/\/municipalidadchonchi.cl\/web\/wp-content\/uploads\/2022\/08\/WhatsApp-Image-2022-08-26-at-8.26.06-AM-600x338.jpeg 600w, https:\/\/municipalidadchonchi.cl\/web\/wp-content\/uploads\/2022\/08\/WhatsApp-Image-2022-08-26-at-8.26.06-AM-560x315.jpeg 560w, https:\/\/municipalidadchonchi.cl\/web\/wp-content\/uploads\/2022\/08\/WhatsApp-Image-2022-08-26-at-8.26.06-AM.jpeg 1280w\" sizes=\"(max-width: 1024px) 100vw, 1024px\" \/>\t\t\t\t\t\t\t\t\t\t\t\t\t\t\t<\/div>\n\t\t\t\t<\/div>\n\t\t\t\t\t<\/div>\n\t\t<\/div>\n\t\t\t\t\t<\/div>\n\t\t<\/section>\n\t\t\t\t<section class=\"elementor-section elementor-top-section elementor-element elementor-element-29c9cd9 elementor-section-boxed elementor-section-height-default elementor-section-height-default wpr-particle-no wpr-jarallax-no wpr-parallax-no wpr-sticky-section-no\" data-id=\"29c9cd9\" data-element_type=\"section\" data-e-type=\"section\">\n\t\t\t\t\t\t<div class=\"elementor-container elementor-column-gap-default\">\n\t\t\t\t\t<div class=\"elementor-column elementor-col-100 elementor-top-column elementor-element elementor-element-850dedb\" data-id=\"850dedb\" data-element_type=\"column\" data-e-type=\"column\">\n\t\t\t<div class=\"elementor-widget-wrap elementor-element-populated\">\n\t\t\t\t\t\t<div class=\"elementor-element elementor-element-3a37aff elementor-widget elementor-widget-text-editor\" data-id=\"3a37aff\" data-element_type=\"widget\" data-e-type=\"widget\" data-widget_type=\"text-editor.default\">\n\t\t\t\t<div class=\"elementor-widget-container\">\n\t\t\t\t\t\t\t\t\t<p>El alcalde de la comuna de Chonchi, Fernando Oyarz\u00fan Mac\u00edas, es ingeniero agr\u00f3nomo de profesi\u00f3n y asumi\u00f3 su segundo periodo frente a la Municipalidad de la llamada \u201cCiudad de Los Tres Pisos\u201d.<\/p><p><span style=\"color: var( --e-global-color-text ); font-family: var( --e-global-typography-text-font-family ), Sans-serif; font-weight: var( --e-global-typography-text-font-weight ); letter-spacing: 0px; text-transform: var( --e-global-typography-text-text-transform );\">Uno de los principales objetivos del jefe comunal es mejorar la calidad de vida de los habitantes de la comuna de Chonchi, llevando los servicios b\u00e1sicos (agua y energ\u00eda el\u00e9ctrica) a los sectores rurales m\u00e1s apartados, que concentra el 65% de poblaci\u00f3n.<\/span><\/p><p>Durante su primer periodo como alcalde, Fernando Oyarz\u00fan Mac\u00edas, dio un gran impulso a la inversi\u00f3n p\u00fablica en la comuna para sacar adelante obras de infraestructura, como la prolongaci\u00f3n de la costanera, el complejo habitacional de Villa San Carlos, y los diversos proyectos en APR, entre otros. Otra de las \u00e1reas donde el jefe comunal est\u00e1 colocando el acento es en el Turismo, que considera un motor de desarrollo de la comuna para los pr\u00f3ximos a\u00f1os, la que debe ir aparejado con el desarrollo de infraestructura adecuada para enfrentar este desaf\u00edo.<\/p>\t\t\t\t\t\t\t\t<\/div>\n\t\t\t\t<\/div>\n\t\t\t\t\t<\/div>\n\t\t<\/div>\n\t\t\t\t\t<\/div>\n\t\t<\/section>\n\t\t\t\t<\/div>\n\t\t","protected":false},"excerpt":{"rendered":"<p>Alcalde El alcalde de la comuna de Chonchi, Fernando Oyarz\u00fan Mac\u00edas, es ingeniero agr\u00f3nomo de profesi\u00f3n y asumi\u00f3 su segundo periodo frente a la Municipalidad de la llamada \u201cCiudad de Los Tres Pisos\u201d. Uno de los principales objetivos del jefe comunal es mejorar la calidad de vida de los habitantes de la comuna de Chonchi, llevando los servicios b\u00e1sicos (agua y energ\u00eda el\u00e9ctrica) a los sectores rurales m\u00e1s apartados, que concentra el 65% de poblaci\u00f3n. Durante su primer periodo como alcalde, Fernando Oyarz\u00fan Mac\u00edas, dio un gran impulso a la inversi\u00f3n p\u00fablica en la comuna para sacar adelante obras de infraestructura, como la prolongaci\u00f3n de la costanera, el complejo habitacional de Villa San Carlos, y los diversos proyectos en APR, entre otros. Otra de las \u00e1reas donde el jefe comunal est\u00e1 colocando el acento es en el Turismo, que considera un motor de desarrollo de la comuna para los pr\u00f3ximos a\u00f1os, la que debe ir aparejado con el desarrollo de infraestructura adecuada para enfrentar este desaf\u00edo.<\/p>\n","protected":false},"author":1,"featured_media":0,"parent":0,"menu_order":0,"comment_status":"closed","ping_status":"closed","template":"elementor_header_footer","meta":{"_acf_changed":false,"om_disable_all_campaigns":false,"_monsterinsights_skip_tracking":false,"_monsterinsights_sitenote_active":false,"_monsterinsights_sitenote_note":"","_monsterinsights_sitenote_category":0,"footnotes":""},"class_list":["post-5750","page","type-page","status-publish","hentry"],"acf":[],"aioseo_notices":[],"jetpack_sharing_enabled":true,"_links":{"self":[{"href":"https:\/\/municipalidadchonchi.cl\/web\/wp-json\/wp\/v2\/pages\/5750","targetHints":{"allow":["GET"]}}],"collection":[{"href":"https:\/\/municipalidadchonchi.cl\/web\/wp-json\/wp\/v2\/pages"}],"about":[{"href":"https:\/\/municipalidadchonchi.cl\/web\/wp-json\/wp\/v2\/types\/page"}],"author":[{"embeddable":true,"href":"https:\/\/municipalidadchonchi.cl\/web\/wp-json\/wp\/v2\/users\/1"}],"replies":[{"embeddable":true,"href":"https:\/\/municipalidadchonchi.cl\/web\/wp-json\/wp\/v2\/comments?post=5750"}],"version-history":[{"count":0,"href":"https:\/\/municipalidadchonchi.cl\/web\/wp-json\/wp\/v2\/pages\/5750\/revisions"}],"wp:attachment":[{"href":"https:\/\/municipalidadchonchi.cl\/web\/wp-json\/wp\/v2\/media?parent=5750"}],"curies":[{"name":"wp","href":"https:\/\/api.w.org\/{rel}","templated":true}]}}