{"id":730,"date":"2020-07-29T02:27:29","date_gmt":"2020-07-29T02:27:29","guid":{"rendered":"http:\/\/demo.ovathemes.com\/egovt\/?page_id=730"},"modified":"2025-06-18T09:53:51","modified_gmt":"2025-06-18T13:53:51","slug":"direcciones-municipales","status":"publish","type":"page","link":"https:\/\/municipalidadchonchi.cl\/web\/direcciones-municipales\/","title":{"rendered":"Direcciones Municipales"},"content":{"rendered":"\t\t<div data-elementor-type=\"wp-page\" data-elementor-id=\"730\" class=\"elementor elementor-730\" data-elementor-post-type=\"page\">\n\t\t\t\t\t\t<section class=\"elementor-section elementor-top-section elementor-element elementor-element-9215485 elementor-section-boxed elementor-section-height-default elementor-section-height-default wpr-particle-no wpr-jarallax-no wpr-parallax-no wpr-sticky-section-no\" data-id=\"9215485\" data-element_type=\"section\" data-e-type=\"section\">\n\t\t\t\t\t\t<div class=\"elementor-container elementor-column-gap-default\">\n\t\t\t\t\t<div class=\"elementor-column elementor-col-100 elementor-top-column elementor-element elementor-element-d44a7d4\" data-id=\"d44a7d4\" data-element_type=\"column\" data-e-type=\"column\">\n\t\t\t<div class=\"elementor-widget-wrap elementor-element-populated\">\n\t\t\t\t\t\t<div class=\"elementor-element elementor-element-20d2144 elementor-widget elementor-widget-heading\" data-id=\"20d2144\" data-element_type=\"widget\" data-e-type=\"widget\" data-widget_type=\"heading.default\">\n\t\t\t\t<div class=\"elementor-widget-container\">\n\t\t\t\t\t<h1 class=\"elementor-heading-title elementor-size-default\">Direcciones Municipales<\/h1>\t\t\t\t<\/div>\n\t\t\t\t<\/div>\n\t\t\t\t\t<\/div>\n\t\t<\/div>\n\t\t\t\t\t<\/div>\n\t\t<\/section>\n\t\t\t\t<section class=\"elementor-section elementor-top-section elementor-element elementor-element-e17fdd8 elementor-section-boxed elementor-section-height-default elementor-section-height-default wpr-particle-no wpr-jarallax-no wpr-parallax-no wpr-sticky-section-no\" data-id=\"e17fdd8\" data-element_type=\"section\" data-e-type=\"section\">\n\t\t\t\t\t\t<div class=\"elementor-container elementor-column-gap-default\">\n\t\t\t\t\t<div class=\"elementor-column elementor-col-100 elementor-top-column elementor-element elementor-element-3014f39\" data-id=\"3014f39\" data-element_type=\"column\" data-e-type=\"column\">\n\t\t\t<div class=\"elementor-widget-wrap elementor-element-populated\">\n\t\t\t\t\t\t<div class=\"elementor-element elementor-element-02d737a elementor-widget elementor-widget-ova_archive_dep\" data-id=\"02d737a\" data-element_type=\"widget\" data-e-type=\"widget\" data-widget_type=\"ova_archive_dep.default\">\n\t\t\t\t<div class=\"elementor-widget-container\">\n\t\t\t\t\t\n<div class=\"ova_archive_dep archive_dep three_column\">\n\t<div class=\"content\">\n\t\t\t\t\t<div class=\"items elementor-items\">\n\t\t\t\t<div class=\"wp-item\">\n\t\t\t\t\t\t\t\t\t\t\t<div class=\"ova-media\">\n\t\t\t\t\t\t\t\t\t\t\t\t\t\t\t<a href=\"https:\/\/municipalidadchonchi.cl\/web\/municipio\/administracion\/\">\n\t\t\t\t\t\t\t\t\t<img fetchpriority=\"high\" decoding=\"async\" width=\"840\" height=\"459\" src=\"https:\/\/municipalidadchonchi.cl\/web\/wp-content\/uploads\/2022\/02\/Administracion.jpeg\" class=\"img-responsive wp-post-image\" alt=\"\" \/>\t\t\t\t\t\t\t\t<\/a>\n\t\t\t\t\t\t\t\t\t\t\t\t\t<\/div>\n\t\t\t\t\t\t\t\t\t\t<div class=\"ova-content\">\n\t\t\t\t\t\t\t\t\t\t\t\t\t\t\t\t\t\t\t<h2 class=\"title\">\n\t\t\t\t\t\t\t\t\t\t\t\t\t\t\t\t\t<a class=\"second_font\" href=\"https:\/\/municipalidadchonchi.cl\/web\/municipio\/administracion\/\">\n\t\t\t\t\t\t\t\t\t\tAdministraci\u00f3n Municipal\t\t\t\t\t\t\t\t\t<\/a>\n\t\t\t\t\t\t\t\t\t\t\t\t\t\t\t<\/h2>\n\t\t\t\t\t\t\t\t\t\t\t\t\t\t\t\t\t\t\t\t\t\t\t\t\t<a class=\"second_font readmore\" href=\"https:\/\/municipalidadchonchi.cl\/web\/municipio\/administracion\/\" >\n\t\t\t\t\t\t\t\tLeer M\u00e1s\t\t\t\t\t\t\t\t<i data-feather=\"arrow-right\"><\/i>\n\t\t\t\t\t\t\t<\/a>\n\t\t\t\t\t\t\t\t\t\t\t<\/div>\n\t\t\t\t<\/div>\n\t\t\t<\/div>\n\t\t\t\t\t<div class=\"items elementor-items\">\n\t\t\t\t<div class=\"wp-item\">\n\t\t\t\t\t\t\t\t\t\t\t<div class=\"ova-media\">\n\t\t\t\t\t\t\t\t\t\t\t\t\t\t\t<a href=\"https:\/\/municipalidadchonchi.cl\/web\/municipio\/administracion-y-finanzas\/\">\n\t\t\t\t\t\t\t\t\t<img decoding=\"async\" width=\"840\" height=\"459\" data-src=\"https:\/\/municipalidadchonchi.cl\/web\/wp-content\/uploads\/2022\/01\/Boton-Finanzas.jpg\" class=\"img-responsive wp-post-image lazyload\" alt=\"\" src=\"data:image\/svg+xml;base64,PHN2ZyB3aWR0aD0iMSIgaGVpZ2h0PSIxIiB4bWxucz0iaHR0cDovL3d3dy53My5vcmcvMjAwMC9zdmciPjwvc3ZnPg==\" style=\"--smush-placeholder-width: 840px; --smush-placeholder-aspect-ratio: 840\/459;\" \/>\t\t\t\t\t\t\t\t<\/a>\n\t\t\t\t\t\t\t\t\t\t\t\t\t<\/div>\n\t\t\t\t\t\t\t\t\t\t<div class=\"ova-content\">\n\t\t\t\t\t\t\t\t\t\t\t\t\t\t\t\t\t\t\t<h2 class=\"title\">\n\t\t\t\t\t\t\t\t\t\t\t\t\t\t\t\t\t<a class=\"second_font\" href=\"https:\/\/municipalidadchonchi.cl\/web\/municipio\/administracion-y-finanzas\/\">\n\t\t\t\t\t\t\t\t\t\tAdministraci\u00f3n y Finanzas\t\t\t\t\t\t\t\t\t<\/a>\n\t\t\t\t\t\t\t\t\t\t\t\t\t\t\t<\/h2>\n\t\t\t\t\t\t\t\t\t\t\t\t\t\t\t\t\t\t\t\t\t\t\t\t\t<a class=\"second_font readmore\" href=\"https:\/\/municipalidadchonchi.cl\/web\/municipio\/administracion-y-finanzas\/\" >\n\t\t\t\t\t\t\t\tLeer M\u00e1s\t\t\t\t\t\t\t\t<i data-feather=\"arrow-right\"><\/i>\n\t\t\t\t\t\t\t<\/a>\n\t\t\t\t\t\t\t\t\t\t\t<\/div>\n\t\t\t\t<\/div>\n\t\t\t<\/div>\n\t\t\t\t\t<div class=\"items elementor-items\">\n\t\t\t\t<div class=\"wp-item\">\n\t\t\t\t\t\t\t\t\t\t\t<div class=\"ova-media\">\n\t\t\t\t\t\t\t\t\t\t\t\t\t\t\t<a href=\"https:\/\/municipalidadchonchi.cl\/web\/municipio\/asesoria-juridica\/\">\n\t\t\t\t\t\t\t\t\t<img decoding=\"async\" width=\"841\" height=\"459\" data-src=\"https:\/\/municipalidadchonchi.cl\/web\/wp-content\/uploads\/2022\/03\/Juridica.jpg\" class=\"img-responsive wp-post-image lazyload\" alt=\"\" src=\"data:image\/svg+xml;base64,PHN2ZyB3aWR0aD0iMSIgaGVpZ2h0PSIxIiB4bWxucz0iaHR0cDovL3d3dy53My5vcmcvMjAwMC9zdmciPjwvc3ZnPg==\" style=\"--smush-placeholder-width: 841px; --smush-placeholder-aspect-ratio: 841\/459;\" \/>\t\t\t\t\t\t\t\t<\/a>\n\t\t\t\t\t\t\t\t\t\t\t\t\t<\/div>\n\t\t\t\t\t\t\t\t\t\t<div class=\"ova-content\">\n\t\t\t\t\t\t\t\t\t\t\t\t\t\t\t\t\t\t\t<h2 class=\"title\">\n\t\t\t\t\t\t\t\t\t\t\t\t\t\t\t\t\t<a class=\"second_font\" href=\"https:\/\/municipalidadchonchi.cl\/web\/municipio\/asesoria-juridica\/\">\n\t\t\t\t\t\t\t\t\t\tAsesor\u00eda Jur\u00eddica\t\t\t\t\t\t\t\t\t<\/a>\n\t\t\t\t\t\t\t\t\t\t\t\t\t\t\t<\/h2>\n\t\t\t\t\t\t\t\t\t\t\t\t\t\t\t\t\t\t\t\t\t\t\t\t\t<a class=\"second_font readmore\" href=\"https:\/\/municipalidadchonchi.cl\/web\/municipio\/asesoria-juridica\/\" >\n\t\t\t\t\t\t\t\tLeer M\u00e1s\t\t\t\t\t\t\t\t<i data-feather=\"arrow-right\"><\/i>\n\t\t\t\t\t\t\t<\/a>\n\t\t\t\t\t\t\t\t\t\t\t<\/div>\n\t\t\t\t<\/div>\n\t\t\t<\/div>\n\t\t\t\t\t<div class=\"items elementor-items\">\n\t\t\t\t<div class=\"wp-item\">\n\t\t\t\t\t\t\t\t\t\t\t<div class=\"ova-media\">\n\t\t\t\t\t\t\t\t\t\t\t\t\t\t\t<a href=\"https:\/\/municipalidadchonchi.cl\/web\/municipio\/control-interno\/\">\n\t\t\t\t\t\t\t\t\t<img decoding=\"async\" width=\"841\" height=\"459\" data-src=\"https:\/\/municipalidadchonchi.cl\/web\/wp-content\/uploads\/2022\/03\/Control-Interno.jpg\" class=\"img-responsive wp-post-image lazyload\" alt=\"\" src=\"data:image\/svg+xml;base64,PHN2ZyB3aWR0aD0iMSIgaGVpZ2h0PSIxIiB4bWxucz0iaHR0cDovL3d3dy53My5vcmcvMjAwMC9zdmciPjwvc3ZnPg==\" style=\"--smush-placeholder-width: 841px; --smush-placeholder-aspect-ratio: 841\/459;\" \/>\t\t\t\t\t\t\t\t<\/a>\n\t\t\t\t\t\t\t\t\t\t\t\t\t<\/div>\n\t\t\t\t\t\t\t\t\t\t<div class=\"ova-content\">\n\t\t\t\t\t\t\t\t\t\t\t\t\t\t\t\t\t\t\t<h2 class=\"title\">\n\t\t\t\t\t\t\t\t\t\t\t\t\t\t\t\t\t<a class=\"second_font\" href=\"https:\/\/municipalidadchonchi.cl\/web\/municipio\/control-interno\/\">\n\t\t\t\t\t\t\t\t\t\tControl Interno\t\t\t\t\t\t\t\t\t<\/a>\n\t\t\t\t\t\t\t\t\t\t\t\t\t\t\t<\/h2>\n\t\t\t\t\t\t\t\t\t\t\t\t\t\t\t\t\t\t\t\t\t\t\t\t\t<a class=\"second_font readmore\" href=\"https:\/\/municipalidadchonchi.cl\/web\/municipio\/control-interno\/\" >\n\t\t\t\t\t\t\t\tLeer M\u00e1s\t\t\t\t\t\t\t\t<i data-feather=\"arrow-right\"><\/i>\n\t\t\t\t\t\t\t<\/a>\n\t\t\t\t\t\t\t\t\t\t\t<\/div>\n\t\t\t\t<\/div>\n\t\t\t<\/div>\n\t\t\t\t\t<div class=\"items elementor-items\">\n\t\t\t\t<div class=\"wp-item\">\n\t\t\t\t\t\t\t\t\t\t\t<div class=\"ova-media\">\n\t\t\t\t\t\t\t\t\t\t\t\t\t\t\t<a href=\"https:\/\/municipalidadchonchi.cl\/web\/municipio\/dideco\/\">\n\t\t\t\t\t\t\t\t\t<img decoding=\"async\" width=\"840\" height=\"459\" data-src=\"https:\/\/municipalidadchonchi.cl\/web\/wp-content\/uploads\/2022\/02\/Boton-Dideco_Mesa-de-trabajo-1.jpg\" class=\"img-responsive wp-post-image lazyload\" alt=\"\" src=\"data:image\/svg+xml;base64,PHN2ZyB3aWR0aD0iMSIgaGVpZ2h0PSIxIiB4bWxucz0iaHR0cDovL3d3dy53My5vcmcvMjAwMC9zdmciPjwvc3ZnPg==\" style=\"--smush-placeholder-width: 840px; --smush-placeholder-aspect-ratio: 840\/459;\" \/>\t\t\t\t\t\t\t\t<\/a>\n\t\t\t\t\t\t\t\t\t\t\t\t\t<\/div>\n\t\t\t\t\t\t\t\t\t\t<div class=\"ova-content\">\n\t\t\t\t\t\t\t\t\t\t\t\t\t\t\t\t\t\t\t<h2 class=\"title\">\n\t\t\t\t\t\t\t\t\t\t\t\t\t\t\t\t\t<a class=\"second_font\" href=\"https:\/\/municipalidadchonchi.cl\/web\/municipio\/dideco\/\">\n\t\t\t\t\t\t\t\t\t\tDIDECO\t\t\t\t\t\t\t\t\t<\/a>\n\t\t\t\t\t\t\t\t\t\t\t\t\t\t\t<\/h2>\n\t\t\t\t\t\t\t\t\t\t\t\t\t\t\t\t\t\t\t\t\t\t\t\t\t<a class=\"second_font readmore\" href=\"https:\/\/municipalidadchonchi.cl\/web\/municipio\/dideco\/\" >\n\t\t\t\t\t\t\t\tLeer M\u00e1s\t\t\t\t\t\t\t\t<i data-feather=\"arrow-right\"><\/i>\n\t\t\t\t\t\t\t<\/a>\n\t\t\t\t\t\t\t\t\t\t\t<\/div>\n\t\t\t\t<\/div>\n\t\t\t<\/div>\n\t\t\t\t\t<div class=\"items elementor-items\">\n\t\t\t\t<div class=\"wp-item\">\n\t\t\t\t\t\t\t\t\t\t\t<div class=\"ova-media\">\n\t\t\t\t\t\t\t\t\t\t\t\t\t\t\t<a href=\"https:\/\/municipalidadchonchi.cl\/web\/municipio\/didel\/\">\n\t\t\t\t\t\t\t\t\t<img decoding=\"async\" width=\"841\" height=\"459\" data-src=\"https:\/\/municipalidadchonchi.cl\/web\/wp-content\/uploads\/2020\/07\/DIDEL.jpeg\" class=\"img-responsive wp-post-image lazyload\" alt=\"\" src=\"data:image\/svg+xml;base64,PHN2ZyB3aWR0aD0iMSIgaGVpZ2h0PSIxIiB4bWxucz0iaHR0cDovL3d3dy53My5vcmcvMjAwMC9zdmciPjwvc3ZnPg==\" style=\"--smush-placeholder-width: 841px; --smush-placeholder-aspect-ratio: 841\/459;\" \/>\t\t\t\t\t\t\t\t<\/a>\n\t\t\t\t\t\t\t\t\t\t\t\t\t<\/div>\n\t\t\t\t\t\t\t\t\t\t<div class=\"ova-content\">\n\t\t\t\t\t\t\t\t\t\t\t\t\t\t\t\t\t\t\t<h2 class=\"title\">\n\t\t\t\t\t\t\t\t\t\t\t\t\t\t\t\t\t<a class=\"second_font\" href=\"https:\/\/municipalidadchonchi.cl\/web\/municipio\/didel\/\">\n\t\t\t\t\t\t\t\t\t\tDIDEL\t\t\t\t\t\t\t\t\t<\/a>\n\t\t\t\t\t\t\t\t\t\t\t\t\t\t\t<\/h2>\n\t\t\t\t\t\t\t\t\t\t\t\t\t\t\t\t\t\t\t\t\t\t\t\t\t<a class=\"second_font readmore\" href=\"https:\/\/municipalidadchonchi.cl\/web\/municipio\/didel\/\" >\n\t\t\t\t\t\t\t\tLeer M\u00e1s\t\t\t\t\t\t\t\t<i data-feather=\"arrow-right\"><\/i>\n\t\t\t\t\t\t\t<\/a>\n\t\t\t\t\t\t\t\t\t\t\t<\/div>\n\t\t\t\t<\/div>\n\t\t\t<\/div>\n\t\t\t\t\t<div class=\"items elementor-items\">\n\t\t\t\t<div class=\"wp-item\">\n\t\t\t\t\t\t\t\t\t\t\t<div class=\"ova-media\">\n\t\t\t\t\t\t\t\t\t\t\t\t\t\t\t<a href=\"https:\/\/municipalidadchonchi.cl\/web\/municipio\/transito-y-seguridad-publica\/\">\n\t\t\t\t\t\t\t\t\t<img decoding=\"async\" width=\"840\" height=\"459\" data-src=\"https:\/\/municipalidadchonchi.cl\/web\/wp-content\/uploads\/2020\/07\/Transito.jpeg\" class=\"img-responsive wp-post-image lazyload\" alt=\"\" src=\"data:image\/svg+xml;base64,PHN2ZyB3aWR0aD0iMSIgaGVpZ2h0PSIxIiB4bWxucz0iaHR0cDovL3d3dy53My5vcmcvMjAwMC9zdmciPjwvc3ZnPg==\" style=\"--smush-placeholder-width: 840px; --smush-placeholder-aspect-ratio: 840\/459;\" \/>\t\t\t\t\t\t\t\t<\/a>\n\t\t\t\t\t\t\t\t\t\t\t\t\t<\/div>\n\t\t\t\t\t\t\t\t\t\t<div class=\"ova-content\">\n\t\t\t\t\t\t\t\t\t\t\t\t\t\t\t\t\t\t\t<h2 class=\"title\">\n\t\t\t\t\t\t\t\t\t\t\t\t\t\t\t\t\t<a class=\"second_font\" href=\"https:\/\/municipalidadchonchi.cl\/web\/municipio\/transito-y-seguridad-publica\/\">\n\t\t\t\t\t\t\t\t\t\tDirecci\u00f3n de Seguridad P\u00fablica, Tr\u00e1nsito y Transporte P\u00fablico\t\t\t\t\t\t\t\t\t<\/a>\n\t\t\t\t\t\t\t\t\t\t\t\t\t\t\t<\/h2>\n\t\t\t\t\t\t\t\t\t\t\t\t\t\t\t\t\t\t\t\t\t\t\t\t\t<a class=\"second_font readmore\" href=\"https:\/\/municipalidadchonchi.cl\/web\/municipio\/transito-y-seguridad-publica\/\" >\n\t\t\t\t\t\t\t\tLeer M\u00e1s\t\t\t\t\t\t\t\t<i data-feather=\"arrow-right\"><\/i>\n\t\t\t\t\t\t\t<\/a>\n\t\t\t\t\t\t\t\t\t\t\t<\/div>\n\t\t\t\t<\/div>\n\t\t\t<\/div>\n\t\t\t\t\t<div class=\"items elementor-items\">\n\t\t\t\t<div class=\"wp-item\">\n\t\t\t\t\t\t\t\t\t\t\t<div class=\"ova-media\">\n\t\t\t\t\t\t\t\t\t\t\t\t\t\t\t<a href=\"https:\/\/municipalidadchonchi.cl\/web\/municipio\/juzgado-policia-local\/\">\n\t\t\t\t\t\t\t\t\t<img decoding=\"async\" width=\"840\" height=\"459\" data-src=\"https:\/\/municipalidadchonchi.cl\/web\/wp-content\/uploads\/2022\/02\/Boton-Dideco_Mesa-de-trabajo-1.jpg\" class=\"img-responsive wp-post-image lazyload\" alt=\"\" src=\"data:image\/svg+xml;base64,PHN2ZyB3aWR0aD0iMSIgaGVpZ2h0PSIxIiB4bWxucz0iaHR0cDovL3d3dy53My5vcmcvMjAwMC9zdmciPjwvc3ZnPg==\" style=\"--smush-placeholder-width: 840px; --smush-placeholder-aspect-ratio: 840\/459;\" \/>\t\t\t\t\t\t\t\t<\/a>\n\t\t\t\t\t\t\t\t\t\t\t\t\t<\/div>\n\t\t\t\t\t\t\t\t\t\t<div class=\"ova-content\">\n\t\t\t\t\t\t\t\t\t\t\t\t\t\t\t\t\t\t\t<h2 class=\"title\">\n\t\t\t\t\t\t\t\t\t\t\t\t\t\t\t\t\t<a class=\"second_font\" href=\"https:\/\/municipalidadchonchi.cl\/web\/municipio\/juzgado-policia-local\/\">\n\t\t\t\t\t\t\t\t\t\tJuzgado de Polic\u00eda Local\t\t\t\t\t\t\t\t\t<\/a>\n\t\t\t\t\t\t\t\t\t\t\t\t\t\t\t<\/h2>\n\t\t\t\t\t\t\t\t\t\t\t\t\t\t\t\t\t\t\t\t\t\t\t\t\t<a class=\"second_font readmore\" href=\"https:\/\/municipalidadchonchi.cl\/web\/municipio\/juzgado-policia-local\/\" >\n\t\t\t\t\t\t\t\tLeer M\u00e1s\t\t\t\t\t\t\t\t<i data-feather=\"arrow-right\"><\/i>\n\t\t\t\t\t\t\t<\/a>\n\t\t\t\t\t\t\t\t\t\t\t<\/div>\n\t\t\t\t<\/div>\n\t\t\t<\/div>\n\t\t\t\t\t<div class=\"items elementor-items\">\n\t\t\t\t<div class=\"wp-item\">\n\t\t\t\t\t\t\t\t\t\t\t<div class=\"ova-media\">\n\t\t\t\t\t\t\t\t\t\t\t\t\t\t\t<a href=\"https:\/\/municipalidadchonchi.cl\/web\/municipio\/obras-municipales\/\">\n\t\t\t\t\t\t\t\t\t<img decoding=\"async\" width=\"840\" height=\"459\" data-src=\"https:\/\/municipalidadchonchi.cl\/web\/wp-content\/uploads\/2022\/02\/Obras.jpeg\" class=\"img-responsive wp-post-image lazyload\" alt=\"\" src=\"data:image\/svg+xml;base64,PHN2ZyB3aWR0aD0iMSIgaGVpZ2h0PSIxIiB4bWxucz0iaHR0cDovL3d3dy53My5vcmcvMjAwMC9zdmciPjwvc3ZnPg==\" style=\"--smush-placeholder-width: 840px; --smush-placeholder-aspect-ratio: 840\/459;\" \/>\t\t\t\t\t\t\t\t<\/a>\n\t\t\t\t\t\t\t\t\t\t\t\t\t<\/div>\n\t\t\t\t\t\t\t\t\t\t<div class=\"ova-content\">\n\t\t\t\t\t\t\t\t\t\t\t\t\t\t\t\t\t\t\t<h2 class=\"title\">\n\t\t\t\t\t\t\t\t\t\t\t\t\t\t\t\t\t<a class=\"second_font\" href=\"https:\/\/municipalidadchonchi.cl\/web\/municipio\/obras-municipales\/\">\n\t\t\t\t\t\t\t\t\t\tObras Municipales\t\t\t\t\t\t\t\t\t<\/a>\n\t\t\t\t\t\t\t\t\t\t\t\t\t\t\t<\/h2>\n\t\t\t\t\t\t\t\t\t\t\t\t\t\t\t\t\t\t\t\t\t\t\t\t\t<a class=\"second_font readmore\" href=\"https:\/\/municipalidadchonchi.cl\/web\/municipio\/obras-municipales\/\" >\n\t\t\t\t\t\t\t\tLeer M\u00e1s\t\t\t\t\t\t\t\t<i data-feather=\"arrow-right\"><\/i>\n\t\t\t\t\t\t\t<\/a>\n\t\t\t\t\t\t\t\t\t\t\t<\/div>\n\t\t\t\t<\/div>\n\t\t\t<\/div>\n\t\t\t\t\t<div class=\"items elementor-items\">\n\t\t\t\t<div class=\"wp-item\">\n\t\t\t\t\t\t\t\t\t\t\t<div class=\"ova-media\">\n\t\t\t\t\t\t\t\t\t\t\t\t\t\t\t<a href=\"https:\/\/municipalidadchonchi.cl\/web\/municipio\/secplan\/\">\n\t\t\t\t\t\t\t\t\t<img decoding=\"async\" width=\"840\" height=\"459\" data-src=\"https:\/\/municipalidadchonchi.cl\/web\/wp-content\/uploads\/2020\/07\/SECPLAN.jpeg\" class=\"img-responsive wp-post-image lazyload\" alt=\"\" src=\"data:image\/svg+xml;base64,PHN2ZyB3aWR0aD0iMSIgaGVpZ2h0PSIxIiB4bWxucz0iaHR0cDovL3d3dy53My5vcmcvMjAwMC9zdmciPjwvc3ZnPg==\" style=\"--smush-placeholder-width: 840px; --smush-placeholder-aspect-ratio: 840\/459;\" \/>\t\t\t\t\t\t\t\t<\/a>\n\t\t\t\t\t\t\t\t\t\t\t\t\t<\/div>\n\t\t\t\t\t\t\t\t\t\t<div class=\"ova-content\">\n\t\t\t\t\t\t\t\t\t\t\t\t\t\t\t\t\t\t\t<h2 class=\"title\">\n\t\t\t\t\t\t\t\t\t\t\t\t\t\t\t\t\t<a class=\"second_font\" href=\"https:\/\/municipalidadchonchi.cl\/web\/municipio\/secplan\/\">\n\t\t\t\t\t\t\t\t\t\tSECPLAN\t\t\t\t\t\t\t\t\t<\/a>\n\t\t\t\t\t\t\t\t\t\t\t\t\t\t\t<\/h2>\n\t\t\t\t\t\t\t\t\t\t\t\t\t\t\t\t\t\t\t\t\t\t\t\t\t<a class=\"second_font readmore\" href=\"https:\/\/municipalidadchonchi.cl\/web\/municipio\/secplan\/\" >\n\t\t\t\t\t\t\t\tLeer M\u00e1s\t\t\t\t\t\t\t\t<i data-feather=\"arrow-right\"><\/i>\n\t\t\t\t\t\t\t<\/a>\n\t\t\t\t\t\t\t\t\t\t\t<\/div>\n\t\t\t\t<\/div>\n\t\t\t<\/div>\n\t\t\t\t\t<div class=\"items elementor-items\">\n\t\t\t\t<div class=\"wp-item\">\n\t\t\t\t\t\t\t\t\t\t\t<div class=\"ova-media\">\n\t\t\t\t\t\t\t\t\t\t\t\t\t\t\t<a href=\"https:\/\/municipalidadchonchi.cl\/web\/municipio\/secretaria-municipal\/\">\n\t\t\t\t\t\t\t\t\t<img decoding=\"async\" width=\"840\" height=\"459\" data-src=\"https:\/\/municipalidadchonchi.cl\/web\/wp-content\/uploads\/2022\/02\/Secretaria-.jpeg\" class=\"img-responsive wp-post-image lazyload\" alt=\"\" src=\"data:image\/svg+xml;base64,PHN2ZyB3aWR0aD0iMSIgaGVpZ2h0PSIxIiB4bWxucz0iaHR0cDovL3d3dy53My5vcmcvMjAwMC9zdmciPjwvc3ZnPg==\" style=\"--smush-placeholder-width: 840px; --smush-placeholder-aspect-ratio: 840\/459;\" \/>\t\t\t\t\t\t\t\t<\/a>\n\t\t\t\t\t\t\t\t\t\t\t\t\t<\/div>\n\t\t\t\t\t\t\t\t\t\t<div class=\"ova-content\">\n\t\t\t\t\t\t\t\t\t\t\t\t\t\t\t\t\t\t\t<h2 class=\"title\">\n\t\t\t\t\t\t\t\t\t\t\t\t\t\t\t\t\t<a class=\"second_font\" href=\"https:\/\/municipalidadchonchi.cl\/web\/municipio\/secretaria-municipal\/\">\n\t\t\t\t\t\t\t\t\t\tSecretar\u00eda Municipal\t\t\t\t\t\t\t\t\t<\/a>\n\t\t\t\t\t\t\t\t\t\t\t\t\t\t\t<\/h2>\n\t\t\t\t\t\t\t\t\t\t\t\t\t\t\t\t\t\t\t\t\t\t\t\t\t<a class=\"second_font readmore\" href=\"https:\/\/municipalidadchonchi.cl\/web\/municipio\/secretaria-municipal\/\" >\n\t\t\t\t\t\t\t\tLeer M\u00e1s\t\t\t\t\t\t\t\t<i data-feather=\"arrow-right\"><\/i>\n\t\t\t\t\t\t\t<\/a>\n\t\t\t\t\t\t\t\t\t\t\t<\/div>\n\t\t\t\t<\/div>\n\t\t\t<\/div>\n\t\t\t<\/div>\n<\/div>\t\t\t\t<\/div>\n\t\t\t\t<\/div>\n\t\t\t\t\t<\/div>\n\t\t<\/div>\n\t\t\t\t\t<\/div>\n\t\t<\/section>\n\t\t\t\t<\/div>\n\t\t","protected":false},"excerpt":{"rendered":"<p>Direcciones Municipales Administraci\u00f3n Municipal Leer M\u00e1s Administraci\u00f3n y Finanzas Leer M\u00e1s Asesor\u00eda Jur\u00eddica Leer M\u00e1s Control Interno Leer M\u00e1s DIDECO Leer M\u00e1s DIDEL Leer M\u00e1s Direcci\u00f3n de Seguridad P\u00fablica, Tr\u00e1nsito y Transporte P\u00fablico Leer M\u00e1s Juzgado de Polic\u00eda Local Leer M\u00e1s Obras Municipales Leer M\u00e1s SECPLAN Leer M\u00e1s Secretar\u00eda Municipal Leer M\u00e1s<\/p>\n","protected":false},"author":1,"featured_media":623,"parent":0,"menu_order":0,"comment_status":"closed","ping_status":"closed","template":"","meta":{"_acf_changed":false,"om_disable_all_campaigns":false,"_monsterinsights_skip_tracking":false,"_monsterinsights_sitenote_active":false,"_monsterinsights_sitenote_note":"","_monsterinsights_sitenote_category":0,"footnotes":""},"class_list":["post-730","page","type-page","status-publish","has-post-thumbnail","hentry"],"acf":[],"aioseo_notices":[],"jetpack_sharing_enabled":true,"_links":{"self":[{"href":"https:\/\/municipalidadchonchi.cl\/web\/wp-json\/wp\/v2\/pages\/730","targetHints":{"allow":["GET"]}}],"collection":[{"href":"https:\/\/municipalidadchonchi.cl\/web\/wp-json\/wp\/v2\/pages"}],"about":[{"href":"https:\/\/municipalidadchonchi.cl\/web\/wp-json\/wp\/v2\/types\/page"}],"author":[{"embeddable":true,"href":"https:\/\/municipalidadchonchi.cl\/web\/wp-json\/wp\/v2\/users\/1"}],"replies":[{"embeddable":true,"href":"https:\/\/municipalidadchonchi.cl\/web\/wp-json\/wp\/v2\/comments?post=730"}],"version-history":[{"count":0,"href":"https:\/\/municipalidadchonchi.cl\/web\/wp-json\/wp\/v2\/pages\/730\/revisions"}],"wp:featuredmedia":[{"embeddable":true,"href":"https:\/\/municipalidadchonchi.cl\/web\/wp-json\/wp\/v2\/media\/623"}],"wp:attachment":[{"href":"https:\/\/municipalidadchonchi.cl\/web\/wp-json\/wp\/v2\/media?parent=730"}],"curies":[{"name":"wp","href":"https:\/\/api.w.org\/{rel}","templated":true}]}}